{"id":708,"date":"2026-03-25T10:08:19","date_gmt":"2026-03-25T09:08:19","guid":{"rendered":"https:\/\/macorabogados.com\/privacy-policy\/"},"modified":"2026-04-14T12:25:05","modified_gmt":"2026-04-14T10:25:05","slug":"privacy-policy","status":"publish","type":"page","link":"https:\/\/macorabogados.com\/en\/privacy-policy\/","title":{"rendered":"Privacy Policy"},"content":{"rendered":"\t\t<div data-elementor-type=\"wp-page\" data-elementor-id=\"708\" class=\"elementor elementor-708 elementor-3\" data-elementor-post-type=\"page\">\n\t\t\t\t<div class=\"elementor-element elementor-element-bf00521 e-flex e-con-boxed e-con e-parent\" data-id=\"bf00521\" data-element_type=\"container\" data-e-type=\"container\">\n\t\t\t\t\t<div class=\"e-con-inner\">\n\t\t\t\t<div class=\"elementor-element elementor-element-ce1dbbf elementor-widget elementor-widget-heading\" data-id=\"ce1dbbf\" data-element_type=\"widget\" data-e-type=\"widget\" data-widget_type=\"heading.default\">\n\t\t\t\t<div class=\"elementor-widget-container\">\n\t\t\t\t\t<h1 class=\"elementor-heading-title elementor-size-default\">Privacy Policy<\/h1>\t\t\t\t<\/div>\n\t\t\t\t<\/div>\n\t\t\t\t<div class=\"elementor-element elementor-element-8e1bccf elementor-view-default elementor-widget elementor-widget-icon\" data-id=\"8e1bccf\" data-element_type=\"widget\" data-e-type=\"widget\" data-widget_type=\"icon.default\">\n\t\t\t\t<div class=\"elementor-widget-container\">\n\t\t\t\t\t\t\t<div class=\"elementor-icon-wrapper\">\n\t\t\t<div class=\"elementor-icon\">\n\t\t\t<svg xmlns=\"http:\/\/www.w3.org\/2000\/svg\" id=\"Master_Line\" viewBox=\"0 0 512 512\"><path d=\"m497.47 243c-.13-.59-.6-1.05-1.19-1.16l-9.74-1.83c-7.88-1.48-15.97 1.02-21.64 6.69-3.69 3.68-8.35 6.15-13.47 7.14l-8.09 1.56-.32-.05c-4.57-.79-9.16-1.3-13.75-1.54 1.35-1.34 2.98-2.4 4.77-3.03 5.1-1.81 8.88-6.04 10.12-11.31l.97-4.12c.15-.64-.14-1.31-.71-1.64s-1.29-.25-1.78.2l-.55.51c-2.58 2.4-5.76 4.07-9.2 4.83l-2.48.55c-5.44 1.21-10.29 4.03-14.02 8.17-3.47 3.84-8.18 6.46-13.26 7.41l-13.59 2.22c-.95.16-1.91.3-2.87.42 7.06-2.98 10.49-6.67 12.14-9.71 1.76-3.23 2.08-6.86.87-9.7-1.94-4.54-7.2-6.65-11.74-4.71-.53.23-1.02.51-1.47.84-.5-.15-1.01-.26-1.56-.26-2.97 0-5.38 2.41-5.38 5.38s2.41 5.38 5.38 5.38 5.38-2.41 5.38-5.38c0-1.22-.42-2.34-1.11-3.24 3-1.24 6.45.17 7.73 3.16.66 1.55.81 4.22-.75 7.09-2.09 3.84-7.65 8.92-22.12 11.67l-4.55.06c-7.65-.46-15.23-1.89-22.54-4.27.03 0 .07-.01.1-.01 3.45-.5 6.82-1.77 9.74-3.67l.56-.36c1.3-.85 2.73-1.45 4.25-1.79 4-.91 7.48-3.28 9.79-6.68l3.26-4.8c.38-.55.34-1.29-.09-1.8-.43-.52-1.15-.68-1.76-.41l-8.69 3.87c-2.49 1.11-5.24 1.64-7.96 1.52-4.71-.21-9.37 1.28-13.1 4.17-2.01 1.55-4.38 2.66-6.86 3.19l-5.57 1.19c-17.17-5.29-35.27-5.5-52.27-.83 1.6-.97 3.37-1.69 5.19-2.09 4.61-1.01 8.73-3.64 11.6-7.39 1.65-2.16 3.82-3.94 6.27-5.14l8.54-4.19c.6-.3.93-.95.81-1.61s-.66-1.16-1.33-1.23l-5.77-.57c-4.09-.4-8.13.74-11.4 3.24-1.24.94-2.62 1.66-4.1 2.12l-.63.2c-3.33 1.03-6.46 2.8-9.06 5.13-2.56 2.3-4.57 5.06-5.96 8.21l-2.73 6.14c-4.72 1.81-9.33 4.01-13.77 6.59-4.44-2.59-9.05-4.79-13.77-6.59l-2.73-6.14c-1.4-3.15-3.4-5.91-5.96-8.21-2.59-2.33-5.73-4.11-9.06-5.13l-.63-.2c-1.49-.46-2.87-1.17-4.1-2.11-3.26-2.49-7.31-3.64-11.4-3.24l-5.77.57c-.67.07-1.21.57-1.33 1.23s.21 1.32.81 1.61l8.54 4.19c2.44 1.2 4.61 2.98 6.27 5.14 2.87 3.75 6.99 6.37 11.6 7.39 1.83.4 3.59 1.12 5.19 2.09-17-4.67-35.1-4.46-52.27.83l-5.57-1.19c-2.48-.53-4.85-1.63-6.86-3.19-3.73-2.89-8.39-4.37-13.1-4.17-2.73.12-5.48-.41-7.96-1.52l-8.69-3.87c-.61-.27-1.33-.11-1.76.41-.43.51-.47 1.25-.09 1.8l3.26 4.8c2.31 3.4 5.78 5.77 9.79 6.68 1.52.34 2.95.95 4.25 1.79l.56.36c2.92 1.9 6.29 3.17 9.74 3.67.03 0 .07.01.1.01-7.31 2.37-14.89 3.8-22.54 4.27l-4.55-.06c-14.47-2.74-20.03-7.82-22.12-11.67-1.56-2.86-1.41-5.54-.75-7.09 1.28-2.99 4.73-4.4 7.73-3.16-.69.9-1.11 2.02-1.11 3.24 0 2.97 2.41 5.38 5.38 5.38s5.38-2.41 5.38-5.38-2.41-5.38-5.38-5.38c-.55 0-1.06.1-1.56.26-.45-.33-.94-.62-1.47-.84-4.54-1.93-9.8.18-11.74 4.71-1.21 2.84-.89 6.47.87 9.7 1.65 3.03 5.08 6.73 12.14 9.71-.96-.12-1.91-.26-2.87-.42l-13.59-2.22c-5.09-.95-9.79-3.57-13.27-7.41-3.74-4.13-8.59-6.96-14.02-8.17l-2.48-.55c-3.44-.76-6.62-2.44-9.2-4.83l-.55-.51c-.48-.45-1.2-.53-1.78-.2-.57.33-.86 1-.71 1.64l.97 4.12c1.24 5.27 5.03 9.49 10.12 11.31 1.79.64 3.42 1.69 4.77 3.03-4.6.24-9.19.75-13.75 1.54l-.32.06-8.09-1.56c-5.12-.98-9.78-3.45-13.47-7.14-5.67-5.67-13.76-8.17-21.64-6.69l-9.74 1.83c-.59.11-1.06.57-1.19 1.16s.11 1.2.61 1.55l11.21 7.79c6.83 4.75 14.83 7.55 23.13 8.11 3.66.25 7.35.05 10.97-.58l8.43-1.46c.02 0 .05-.01.07-.01l.55-.1c.48-.08.96-.14 1.44-.22-4.94 2.36-7.66 5.16-9.15 7.58-1.93 3.13-2.45 6.73-1.4 9.64.82 2.25 2.46 4.04 4.62 5.05 1.2.56 2.49.84 3.77.84 1.03 0 2.07-.18 3.06-.54.53-.19 1.03-.45 1.49-.75.49.18 1.02.29 1.57.32 2.97.16 5.51-2.11 5.67-5.08s-2.11-5.51-5.08-5.67-5.51 2.11-5.67 5.08c-.07 1.22.28 2.36.92 3.3-3.06 1.06-6.42-.53-7.53-3.58-.58-1.58-.58-4.26 1.13-7.04 2.25-3.65 7.9-8.32 21.9-10.33 3.56 2.54 7.84 3.92 12.21 3.92 1.51 0 3.03-.16 4.54-.5l7.43-1.66 11.57 1.89c1.14.19 2.29.35 3.43.49-2.75 1.37-5.25 3.27-7.3 5.55l-.44.49c-1.04 1.16-2.26 2.12-3.64 2.84-3.63 1.92-6.36 5.12-7.7 9l-1.89 5.48c-.22.63.01 1.33.56 1.72.26.18.56.27.86.27.34 0 .67-.11.95-.34l7.38-6c2.11-1.72 4.63-2.94 7.29-3.54 4.6-1.04 8.71-3.69 11.56-7.45 1.53-2.02 3.53-3.71 5.79-4.87l5.27-2.71c8.07-.61 16.07-2.25 23.74-4.92l11.31-3.94c2.72-.95 5.48-1.76 8.25-2.44-2.07 1.56-3.9 3.46-5.37 5.59l-.38.54c-.88 1.28-1.98 2.38-3.25 3.28-3.36 2.37-5.67 5.88-6.51 9.9l-1.19 5.68c-.14.66.18 1.32.77 1.63.22.12.46.17.7.17.4 0 .8-.16 1.09-.47l6.56-6.89c1.88-1.97 4.23-3.51 6.78-4.44 4.44-1.61 8.17-4.76 10.52-8.85 1.26-2.2 3.04-4.12 5.13-5.56l4.65-3.19c16.79-.38 33.53 3.92 48.32 12.74.02.01.04.02.07.03.04.02.09.04.14.06s.09.04.14.05.09.02.14.03.1.02.14.02c.05 0 .1.01.15.01s.09 0 .14-.01c.05 0 .1-.01.15-.02.04-.01.09-.02.13-.03.05-.01.09-.03.14-.05s.09-.04.14-.06c.02-.01.04-.02.07-.03 14.8-8.81 31.54-13.11 48.33-12.73l4.65 3.19c2.09 1.44 3.87 3.36 5.13 5.56 2.35 4.09 6.09 7.24 10.52 8.85 2.56.93 4.9 2.46 6.78 4.44l6.56 6.89c.29.31.69.47 1.09.47.24 0 .48-.06.7-.17.59-.31.91-.98.77-1.63l-1.19-5.68c-.84-4.02-3.15-7.54-6.51-9.9-1.27-.9-2.36-2-3.25-3.28l-.38-.55c-1.47-2.13-3.3-4.02-5.37-5.59 2.77.68 5.53 1.49 8.25 2.44l11.31 3.94c7.67 2.67 15.66 4.31 23.74 4.92l5.27 2.71c2.26 1.16 4.26 2.84 5.79 4.87 2.85 3.76 6.95 6.41 11.56 7.45 2.66.6 5.18 1.83 7.29 3.54l7.38 6c.27.22.61.34.95.34.3 0 .6-.09.86-.27.55-.38.78-1.09.56-1.72l-1.89-5.48c-1.34-3.88-4.08-7.08-7.71-9-1.37-.73-2.6-1.68-3.64-2.84l-.44-.49c-2.04-2.28-4.55-4.18-7.3-5.55 1.15-.14 2.29-.3 3.43-.49l11.57-1.89 7.43 1.66c1.5.34 3.03.5 4.54.5 4.37 0 8.65-1.38 12.21-3.92 14 2.02 19.65 6.68 21.9 10.33 1.71 2.78 1.71 5.46 1.13 7.04-1.11 3.05-4.48 4.64-7.53 3.58.63-.94.98-2.08.92-3.3-.16-2.97-2.7-5.25-5.67-5.08s-5.25 2.7-5.08 5.67 2.7 5.24 5.67 5.08c.55-.03 1.08-.14 1.57-.32.46.3.95.55 1.49.75 1 .36 2.03.54 3.06.54 1.29 0 2.57-.28 3.77-.84 2.17-1.01 3.81-2.8 4.62-5.05 1.06-2.9.53-6.5-1.4-9.64-1.49-2.42-4.21-5.22-9.15-7.58.48.08.96.14 1.44.22l.55.1c.02 0 .05.01.07.01l8.43 1.46c3.62.63 7.3.82 10.97.58 8.3-.56 16.3-3.37 23.13-8.11l11.21-7.79c.47-.37.71-.98.59-1.57z\"><\/path><\/svg>\t\t\t<\/div>\n\t\t<\/div>\n\t\t\t\t\t\t<\/div>\n\t\t\t\t<\/div>\n\t\t\t\t\t<\/div>\n\t\t\t\t<\/div>\n\t\t<div class=\"elementor-element elementor-element-5536232 e-flex e-con-boxed e-con e-parent\" data-id=\"5536232\" data-element_type=\"container\" data-e-type=\"container\">\n\t\t\t\t\t<div class=\"e-con-inner\">\n\t\t\t\t<div class=\"elementor-element elementor-element-bda2925 elementor-widget elementor-widget-text-editor\" data-id=\"bda2925\" data-element_type=\"widget\" data-e-type=\"widget\" data-widget_type=\"text-editor.default\">\n\t\t\t\t<div class=\"elementor-widget-container\">\n\t\t\t\t\t\t\t\t\t<p data-start=\"179\" data-end=\"453\">At MC Abogados, as the data controller of personal data, we inform users that the data provided through this website will be processed in accordance with Regulation (EU) 2016\/679 (GDPR) and Organic Law 3\/2018 (LOPDGDD).<\/p>\n<p data-start=\"455\" data-end=\"641\">This Privacy Policy aims to clearly explain how we collect, use, and protect your personal data, as well as the rights that apply to you.<\/p>\n<p data-start=\"643\" data-end=\"710\">Access to and use of this website implies acceptance of this policy.<\/p>\n\t\t\t\t\t\t\t\t<\/div>\n\t\t\t\t<\/div>\n\t\t\t\t\t<\/div>\n\t\t\t\t<\/div>\n\t\t<div class=\"elementor-element elementor-element-17a265b e-flex e-con-boxed e-con e-parent\" data-id=\"17a265b\" data-element_type=\"container\" data-e-type=\"container\">\n\t\t\t\t\t<div class=\"e-con-inner\">\n\t\t\t\t<div class=\"elementor-element elementor-element-ee03520 elementor-widget elementor-widget-heading\" data-id=\"ee03520\" data-element_type=\"widget\" data-e-type=\"widget\" data-widget_type=\"heading.default\">\n\t\t\t\t<div class=\"elementor-widget-container\">\n\t\t\t\t\t<h2 class=\"elementor-heading-title elementor-size-default\">1. General information<\/h2>\t\t\t\t<\/div>\n\t\t\t\t<\/div>\n\t\t\t\t<div class=\"elementor-element elementor-element-1a80da9 elementor-widget elementor-widget-text-editor\" data-id=\"1a80da9\" data-element_type=\"widget\" data-e-type=\"widget\" data-widget_type=\"text-editor.default\">\n\t\t\t\t<div class=\"elementor-widget-container\">\n\t\t\t\t\t\t\t\t\t<p data-start=\"179\" data-end=\"453\">At MC Abogados, we are committed to ensuring the confidentiality and security of our users&#8217; personal data, processing it lawfully, transparently, and in accordance with current regulations.<\/p>\n\t\t\t\t\t\t\t\t<\/div>\n\t\t\t\t<\/div>\n\t\t\t\t\t<\/div>\n\t\t\t\t<\/div>\n\t\t<div class=\"elementor-element elementor-element-1d1fd7c e-flex e-con-boxed e-con e-parent\" data-id=\"1d1fd7c\" data-element_type=\"container\" data-e-type=\"container\">\n\t\t\t\t\t<div class=\"e-con-inner\">\n\t\t\t\t<div class=\"elementor-element elementor-element-c84b309 elementor-widget elementor-widget-heading\" data-id=\"c84b309\" data-element_type=\"widget\" data-e-type=\"widget\" data-widget_type=\"heading.default\">\n\t\t\t\t<div class=\"elementor-widget-container\">\n\t\t\t\t\t<h2 class=\"elementor-heading-title elementor-size-default\">2. Data controller details<\/h2>\t\t\t\t<\/div>\n\t\t\t\t<\/div>\n\t\t\t\t<div class=\"elementor-element elementor-element-d7f2b66 elementor-widget elementor-widget-text-editor\" data-id=\"d7f2b66\" data-element_type=\"widget\" data-e-type=\"widget\" data-widget_type=\"text-editor.default\">\n\t\t\t\t<div class=\"elementor-widget-container\">\n\t\t\t\t\t\t\t\t\t<p data-start=\"997\" data-end=\"1141\"><strong data-start=\"997\" data-end=\"1018\">Trade name<\/strong>: MC Abogados<br data-start=\"1030\" data-end=\"1033\"><strong data-start=\"1033\" data-end=\"1045\">Owner<\/strong>: Manuela Cordero Rangel<br data-start=\"1068\" data-end=\"1071\"><strong data-start=\"1071\" data-end=\"1084\">Phone<\/strong>: 652 90 70 18<br data-start=\"1097\" data-end=\"1100\"><strong data-start=\"1100\" data-end=\"1123\">Email:<\/strong> <a class=\"decorated-link cursor-pointer\" rel=\"noopener\" data-start=\"1124\" data-end=\"1139\">macor@icaba.com<\/a><\/p>\n<p data-start=\"1143\" data-end=\"1159\"><strong data-start=\"1143\" data-end=\"1159\">Addresses:<\/strong><\/p>\n<ul data-start=\"1160\" data-end=\"1273\">\n<li data-start=\"1160\" data-end=\"1217\">C\/ G\u00f3mez de Sol\u00eds No. 6, Offices 2 and 3, 06001 Badajoz<\/li>\n<li data-start=\"1218\" data-end=\"1273\">Traves\u00eda Pedro Mar\u00eda Plano No. 4, Ground Floor, 06800 M\u00e9rida<\/li>\n<\/ul>\n\t\t\t\t\t\t\t\t<\/div>\n\t\t\t\t<\/div>\n\t\t\t\t\t<\/div>\n\t\t\t\t<\/div>\n\t\t<div class=\"elementor-element elementor-element-464f365 e-flex e-con-boxed e-con e-parent\" data-id=\"464f365\" data-element_type=\"container\" data-e-type=\"container\">\n\t\t\t\t\t<div class=\"e-con-inner\">\n\t\t\t\t<div class=\"elementor-element elementor-element-b8d11e9 elementor-widget elementor-widget-heading\" data-id=\"b8d11e9\" data-element_type=\"widget\" data-e-type=\"widget\" data-widget_type=\"heading.default\">\n\t\t\t\t<div class=\"elementor-widget-container\">\n\t\t\t\t\t<h2 class=\"elementor-heading-title elementor-size-default\">3. Principles applied to data processing<\/h2>\t\t\t\t<\/div>\n\t\t\t\t<\/div>\n\t\t\t\t<div class=\"elementor-element elementor-element-db2c086 elementor-widget elementor-widget-text-editor\" data-id=\"db2c086\" data-element_type=\"widget\" data-e-type=\"widget\" data-widget_type=\"text-editor.default\">\n\t\t\t\t<div class=\"elementor-widget-container\">\n\t\t\t\t\t\t\t\t\t<p data-start=\"1332\" data-end=\"1410\">In the processing of your personal data, we apply the following principles:<\/p>\n<ul data-start=\"1412\" data-end=\"1893\">\n<li data-start=\"1412\" data-end=\"1488\"><strong data-start=\"1414\" data-end=\"1442\">Lawfulness and transparency<\/strong>: Your data is processed in a lawful and transparent manner.<\/li>\n<li data-start=\"1489\" data-end=\"1579\">Purpose limitation: They are only used for the specific purposes indicated.<\/li>\n<li data-start=\"1580\" data-end=\"1655\"><strong data-start=\"1582\" data-end=\"1608\">Data minimization<\/strong>: We only collect the data that is necessary.<\/li>\n<li data-start=\"1656\" data-end=\"1719\"><strong data-start=\"1658\" data-end=\"1672\">Accuracy<\/strong>: We strive to keep the data up to date.<\/li>\n<li data-start=\"1720\" data-end=\"1800\">Integrity and confidentiality: We apply appropriate security measures.<\/li>\n<li data-start=\"1801\" data-end=\"1893\"><strong data-start=\"1803\" data-end=\"1844\">Storage limitation<\/strong>: Data is kept only for the necessary period.<\/li>\n<\/ul>\n\t\t\t\t\t\t\t\t<\/div>\n\t\t\t\t<\/div>\n\t\t\t\t\t<\/div>\n\t\t\t\t<\/div>\n\t\t<div class=\"elementor-element elementor-element-844ad5c e-flex e-con-boxed e-con e-parent\" data-id=\"844ad5c\" data-element_type=\"container\" data-e-type=\"container\">\n\t\t\t\t\t<div class=\"e-con-inner\">\n\t\t\t\t<div class=\"elementor-element elementor-element-f6fe888 elementor-widget elementor-widget-heading\" data-id=\"f6fe888\" data-element_type=\"widget\" data-e-type=\"widget\" data-widget_type=\"heading.default\">\n\t\t\t\t<div class=\"elementor-widget-container\">\n\t\t\t\t\t<h2 class=\"elementor-heading-title elementor-size-default\">4. Data we collect and purpose<\/h2>\t\t\t\t<\/div>\n\t\t\t\t<\/div>\n\t\t\t\t<div class=\"elementor-element elementor-element-7f2fee0 elementor-widget elementor-widget-text-editor\" data-id=\"7f2fee0\" data-element_type=\"widget\" data-e-type=\"widget\" data-widget_type=\"text-editor.default\">\n\t\t\t\t<div class=\"elementor-widget-container\">\n\t\t\t\t\t\t\t\t\t<p data-start=\"1941\" data-end=\"1990\">The personal data we may process includes:<\/p>\n<ul data-start=\"1992\" data-end=\"2169\">\n<li data-start=\"1992\" data-end=\"2056\">Identification data: name, phone number, email address.<\/li>\n<li data-start=\"2057\" data-end=\"2106\">Data provided in contact forms.<\/li>\n<li data-start=\"2107\" data-end=\"2169\">Technical browsing information (such as IP address or website usage).<\/li>\n<\/ul>\n<p data-start=\"2171\" data-end=\"2203\"><strong data-start=\"2171\" data-end=\"2203\">Purposes of processing:<\/strong><\/p>\n<ul data-start=\"2205\" data-end=\"2442\">\n<li data-start=\"2205\" data-end=\"2256\">Handle inquiries or requests for information.<\/li>\n<li data-start=\"2257\" data-end=\"2299\">Provide the requested legal services.<\/li>\n<li data-start=\"2300\" data-end=\"2351\">Manage the professional relationship with clients.<\/li>\n<li data-start=\"2352\" data-end=\"2406\">Improve the functioning and user experience of the website.<\/li>\n<li data-start=\"2407\" data-end=\"2442\">Comply with legal obligations.<\/li>\n<\/ul>\n\t\t\t\t\t\t\t\t<\/div>\n\t\t\t\t<\/div>\n\t\t\t\t\t<\/div>\n\t\t\t\t<\/div>\n\t\t<div class=\"elementor-element elementor-element-fabc6f3 e-flex e-con-boxed e-con e-parent\" data-id=\"fabc6f3\" data-element_type=\"container\" data-e-type=\"container\">\n\t\t\t\t\t<div class=\"e-con-inner\">\n\t\t\t\t<div class=\"elementor-element elementor-element-13b23bb elementor-widget elementor-widget-heading\" data-id=\"13b23bb\" data-element_type=\"widget\" data-e-type=\"widget\" data-widget_type=\"heading.default\">\n\t\t\t\t<div class=\"elementor-widget-container\">\n\t\t\t\t\t<h2 class=\"elementor-heading-title elementor-size-default\">5. Legal basis for processing<\/h2>\t\t\t\t<\/div>\n\t\t\t\t<\/div>\n\t\t\t\t<div class=\"elementor-element elementor-element-2dd7bbb elementor-widget elementor-widget-text-editor\" data-id=\"2dd7bbb\" data-element_type=\"widget\" data-e-type=\"widget\" data-widget_type=\"text-editor.default\">\n\t\t\t\t<div class=\"elementor-widget-container\">\n\t\t\t\t\t\t\t\t\t<p data-start=\"2483\" data-end=\"2522\">The processing of your data is based on:<\/p>\n<ul data-start=\"2524\" data-end=\"2768\">\n<li data-start=\"2524\" data-end=\"2594\">The user\u2019s consent when contacting us or filling out forms.<\/li>\n<li data-start=\"2595\" data-end=\"2661\">The performance of a contract or the provision of legal services.<\/li>\n<li data-start=\"2662\" data-end=\"2706\">Compliance with legal obligations.<\/li>\n<li data-start=\"2707\" data-end=\"2768\">The legitimate interest in improving our services and the website.<\/li>\n<\/ul>\n\t\t\t\t\t\t\t\t<\/div>\n\t\t\t\t<\/div>\n\t\t\t\t\t<\/div>\n\t\t\t\t<\/div>\n\t\t<div class=\"elementor-element elementor-element-78e4c5b e-flex e-con-boxed e-con e-parent\" data-id=\"78e4c5b\" data-element_type=\"container\" data-e-type=\"container\">\n\t\t\t\t\t<div class=\"e-con-inner\">\n\t\t\t\t<div class=\"elementor-element elementor-element-1a3e459 elementor-widget elementor-widget-heading\" data-id=\"1a3e459\" data-element_type=\"widget\" data-e-type=\"widget\" data-widget_type=\"heading.default\">\n\t\t\t\t<div class=\"elementor-widget-container\">\n\t\t\t\t\t<h2 class=\"elementor-heading-title elementor-size-default\">6. Data disclosure to third parties<\/h2>\t\t\t\t<\/div>\n\t\t\t\t<\/div>\n\t\t\t\t<div class=\"elementor-element elementor-element-0d67c8a elementor-widget elementor-widget-text-editor\" data-id=\"0d67c8a\" data-element_type=\"widget\" data-e-type=\"widget\" data-widget_type=\"text-editor.default\">\n\t\t\t\t<div class=\"elementor-widget-container\">\n\t\t\t\t\t\t\t\t\t<p data-start=\"2815\" data-end=\"2884\">Your data will not be shared with third parties, except in the following cases:<\/p>\n<ul data-start=\"2886\" data-end=\"3059\">\n<li data-start=\"2886\" data-end=\"2925\">When there is a legal obligation.<\/li>\n<li data-start=\"2926\" data-end=\"3059\">When necessary for the provision of the service (suppliers or collaborators), under the appropriate confidentiality guarantees.<\/li>\n<\/ul>\n\t\t\t\t\t\t\t\t<\/div>\n\t\t\t\t<\/div>\n\t\t\t\t\t<\/div>\n\t\t\t\t<\/div>\n\t\t<div class=\"elementor-element elementor-element-7988d86 e-flex e-con-boxed e-con e-parent\" data-id=\"7988d86\" data-element_type=\"container\" data-e-type=\"container\">\n\t\t\t\t\t<div class=\"e-con-inner\">\n\t\t\t\t<div class=\"elementor-element elementor-element-5fe463d elementor-widget elementor-widget-heading\" data-id=\"5fe463d\" data-element_type=\"widget\" data-e-type=\"widget\" data-widget_type=\"heading.default\">\n\t\t\t\t<div class=\"elementor-widget-container\">\n\t\t\t\t\t<h2 class=\"elementor-heading-title elementor-size-default\">7. User rights<\/h2>\t\t\t\t<\/div>\n\t\t\t\t<\/div>\n\t\t\t\t<div class=\"elementor-element elementor-element-03d10a4 elementor-widget elementor-widget-text-editor\" data-id=\"03d10a4\" data-element_type=\"widget\" data-e-type=\"widget\" data-widget_type=\"text-editor.default\">\n\t\t\t\t<div class=\"elementor-widget-container\">\n\t\t\t\t\t\t\t\t\t<p data-start=\"3094\" data-end=\"3138\">You may exercise the following rights:<\/p>\n<ul data-start=\"3140\" data-end=\"3380\">\n<li data-start=\"3140\" data-end=\"3173\">Access to your personal data<\/li>\n<li data-start=\"3174\" data-end=\"3210\">Rectification of inaccurate data<\/li>\n<li data-start=\"3211\" data-end=\"3237\">Erasure of your data<\/li>\n<li data-start=\"3238\" data-end=\"3268\">Restriction of processing<\/li>\n<li data-start=\"3269\" data-end=\"3297\">Objection to processing<\/li>\n<li data-start=\"3298\" data-end=\"3327\">Data portability<\/li>\n<li data-start=\"3328\" data-end=\"3380\">Withdrawal of consent at any time<\/li>\n<\/ul>\n<p data-start=\"3382\" data-end=\"3478\">To exercise these rights, you can contact us via email at: <strong data-start=\"3459\" data-end=\"3478\"><a class=\"decorated-link cursor-pointer\" rel=\"noopener\" data-start=\"3461\" data-end=\"3476\">macor@icaba.com<\/a><\/strong><\/p>\n<p data-start=\"3480\" data-end=\"3594\">You also have the right to file a complaint with the Spanish Data Protection Agency (<a class=\"decorated-link\" href=\"http:\/\/www.aepd.es\" target=\"_new\" rel=\"noopener\" data-start=\"3581\" data-end=\"3592\">www.aepd.es<\/a>).<\/p>\n\t\t\t\t\t\t\t\t<\/div>\n\t\t\t\t<\/div>\n\t\t\t\t\t<\/div>\n\t\t\t\t<\/div>\n\t\t<div class=\"elementor-element elementor-element-3473f7a e-flex e-con-boxed e-con e-parent\" data-id=\"3473f7a\" data-element_type=\"container\" data-e-type=\"container\">\n\t\t\t\t\t<div class=\"e-con-inner\">\n\t\t\t\t<div class=\"elementor-element elementor-element-a784683 elementor-widget elementor-widget-heading\" data-id=\"a784683\" data-element_type=\"widget\" data-e-type=\"widget\" data-widget_type=\"heading.default\">\n\t\t\t\t<div class=\"elementor-widget-container\">\n\t\t\t\t\t<h2 class=\"elementor-heading-title elementor-size-default\">8. Data retention<\/h2>\t\t\t\t<\/div>\n\t\t\t\t<\/div>\n\t\t\t\t<div class=\"elementor-element elementor-element-7344a5f elementor-widget elementor-widget-text-editor\" data-id=\"7344a5f\" data-element_type=\"widget\" data-e-type=\"widget\" data-widget_type=\"text-editor.default\">\n\t\t\t\t<div class=\"elementor-widget-container\">\n\t\t\t\t\t\t\t\t\t<p data-start=\"3094\" data-end=\"3138\">Personal data will be retained for the time necessary to fulfill the purpose for which it was collected and to address any potential legal responsibilities.<\/p>\n\t\t\t\t\t\t\t\t<\/div>\n\t\t\t\t<\/div>\n\t\t\t\t\t<\/div>\n\t\t\t\t<\/div>\n\t\t<div class=\"elementor-element elementor-element-f63abc0 e-flex e-con-boxed e-con e-parent\" data-id=\"f63abc0\" data-element_type=\"container\" data-e-type=\"container\">\n\t\t\t\t\t<div class=\"e-con-inner\">\n\t\t\t\t<div class=\"elementor-element elementor-element-639bc26 elementor-widget elementor-widget-heading\" data-id=\"639bc26\" data-element_type=\"widget\" data-e-type=\"widget\" data-widget_type=\"heading.default\">\n\t\t\t\t<div class=\"elementor-widget-container\">\n\t\t\t\t\t<h2 class=\"elementor-heading-title elementor-size-default\">9. Policy changes<\/h2>\t\t\t\t<\/div>\n\t\t\t\t<\/div>\n\t\t\t\t<div class=\"elementor-element elementor-element-330e8a6 elementor-widget elementor-widget-text-editor\" data-id=\"330e8a6\" data-element_type=\"widget\" data-e-type=\"widget\" data-widget_type=\"text-editor.default\">\n\t\t\t\t<div class=\"elementor-widget-container\">\n\t\t\t\t\t\t\t\t\t<p data-start=\"3094\" data-end=\"3138\">MC Abogados reserves the right to modify this Privacy Policy to adapt it to legislative developments or changes in its activities. In the event of significant changes, the user will be informed. <\/p>\n\t\t\t\t\t\t\t\t<\/div>\n\t\t\t\t<\/div>\n\t\t\t\t\t<\/div>\n\t\t\t\t<\/div>\n\t\t<div class=\"elementor-element elementor-element-45aaf8e e-flex e-con-boxed e-con e-parent\" data-id=\"45aaf8e\" data-element_type=\"container\" data-e-type=\"container\">\n\t\t\t\t\t<div class=\"e-con-inner\">\n\t\t\t\t<div class=\"elementor-element elementor-element-41cc4c8 elementor-widget elementor-widget-heading\" data-id=\"41cc4c8\" data-element_type=\"widget\" data-e-type=\"widget\" data-widget_type=\"heading.default\">\n\t\t\t\t<div class=\"elementor-widget-container\">\n\t\t\t\t\t<h2 class=\"elementor-heading-title elementor-size-default\">10. Acceptance<\/h2>\t\t\t\t<\/div>\n\t\t\t\t<\/div>\n\t\t\t\t<div class=\"elementor-element elementor-element-77e17ef elementor-widget elementor-widget-text-editor\" data-id=\"77e17ef\" data-element_type=\"widget\" data-e-type=\"widget\" data-widget_type=\"text-editor.default\">\n\t\t\t\t<div class=\"elementor-widget-container\">\n\t\t\t\t\t\t\t\t\t<p data-start=\"3094\" data-end=\"3138\">The use of this website implies acceptance of this Privacy Policy. By submitting your data, the user consents to its processing in accordance with the provisions of this document. <\/p>\n\t\t\t\t\t\t\t\t<\/div>\n\t\t\t\t<\/div>\n\t\t\t\t\t<\/div>\n\t\t\t\t<\/div>\n\t\t\t\t<\/div>\n\t\t","protected":false},"excerpt":{"rendered":"<p>Privacy Policy At MC Abogados, as the data controller of personal data, we inform users that the data provided through this website will be processed in accordance with Regulation (EU) 2016\/679 (GDPR) and Organic Law 3\/2018 (LOPDGDD). This Privacy Policy aims to clearly explain how we collect, use, and protect your personal data, as well [&hellip;]<\/p>\n","protected":false},"author":1,"featured_media":0,"parent":0,"menu_order":0,"comment_status":"closed","ping_status":"closed","template":"","meta":{"footnotes":""},"class_list":["post-708","page","type-page","status-publish","hentry"],"_links":{"self":[{"href":"https:\/\/macorabogados.com\/en\/wp-json\/wp\/v2\/pages\/708","targetHints":{"allow":["GET"]}}],"collection":[{"href":"https:\/\/macorabogados.com\/en\/wp-json\/wp\/v2\/pages"}],"about":[{"href":"https:\/\/macorabogados.com\/en\/wp-json\/wp\/v2\/types\/page"}],"author":[{"embeddable":true,"href":"https:\/\/macorabogados.com\/en\/wp-json\/wp\/v2\/users\/1"}],"replies":[{"embeddable":true,"href":"https:\/\/macorabogados.com\/en\/wp-json\/wp\/v2\/comments?post=708"}],"version-history":[{"count":1,"href":"https:\/\/macorabogados.com\/en\/wp-json\/wp\/v2\/pages\/708\/revisions"}],"predecessor-version":[{"id":709,"href":"https:\/\/macorabogados.com\/en\/wp-json\/wp\/v2\/pages\/708\/revisions\/709"}],"wp:attachment":[{"href":"https:\/\/macorabogados.com\/en\/wp-json\/wp\/v2\/media?parent=708"}],"curies":[{"name":"wp","href":"https:\/\/api.w.org\/{rel}","templated":true}]}}